{"id":15,"date":"2016-12-12T15:20:24","date_gmt":"2016-12-12T15:20:24","guid":{"rendered":"http:\/\/faszination-bogenschiessen.com\/?page_id=15"},"modified":"2025-05-20T12:46:29","modified_gmt":"2025-05-20T12:46:29","slug":"home","status":"publish","type":"page","link":"https:\/\/faszination-bogenschiessen.com\/","title":{"rendered":"Home"},"content":{"rendered":"<p><img loading=\"lazy\" decoding=\"async\" class=\"aligncenter wp-image-189 size-full\" src=\"https:\/\/faszination-bogenschiessen.com\/wp-content\/uploads\/2025\/05\/ChatGPT-Image-20.-Mai-2025-14_44_48-e1747745177981.png\" alt=\"\" width=\"1536\" height=\"573\" srcset=\"https:\/\/faszination-bogenschiessen.com\/wp-content\/uploads\/2025\/05\/ChatGPT-Image-20.-Mai-2025-14_44_48-e1747745177981.png 1536w, https:\/\/faszination-bogenschiessen.com\/wp-content\/uploads\/2025\/05\/ChatGPT-Image-20.-Mai-2025-14_44_48-e1747745177981-300x112.png 300w, https:\/\/faszination-bogenschiessen.com\/wp-content\/uploads\/2025\/05\/ChatGPT-Image-20.-Mai-2025-14_44_48-e1747745177981-1024x382.png 1024w, https:\/\/faszination-bogenschiessen.com\/wp-content\/uploads\/2025\/05\/ChatGPT-Image-20.-Mai-2025-14_44_48-e1747745177981-768x287.png 768w\" sizes=\"auto, (max-width: 1536px) 100vw, 1536px\" \/><\/p>\n<p><strong>Willkommen bei Faszination Bogenschie\u00dfen!<\/strong><\/p>\n<p>Bei mir erleben Sie die Faszination Bogenschie\u00dfen unter professioneller Anleitung! Sicherheit, Spa\u00df und sportliche Freude stehen im Vordergrund.<\/p>\n<p>Viele haben in ihrer Jugend schon einmal mit Pfeil und Bogen geschossen und von Freiheit und Abenteuer getr\u00e4umt. Bei mir bekommen Sie die M\u00f6glichkeit, einmal ganz ohne Verpflichtung, Ihren Traum wieder aufleben zu lassen, oder es ganz einfach einmal zu probieren.<\/p>\n<p>Lassen Sie sich einen Einblick ins Bogenschie\u00dfen geben und erleben Sie in lockerer Umgebung, wie Konzentration zum Erfolg f\u00fchrt.<\/p>\n<p>Sie sind auf der Suche nach einer besonderen Veranstaltung oder suchen ein au\u00dfergew\u00f6hnliches Geschenk?<\/p>\n\n\n<p><\/p>\n","protected":false},"excerpt":{"rendered":"<p>Willkommen bei Faszination Bogenschie\u00dfen! Bei mir erleben Sie die Faszination Bogenschie\u00dfen unter professioneller Anleitung! Sicherheit, Spa\u00df und sportliche Freude stehen [&hellip;]<\/p>\n","protected":false},"author":1,"featured_media":0,"parent":0,"menu_order":0,"comment_status":"closed","ping_status":"closed","template":"","meta":{"site-sidebar-layout":"default","site-content-layout":"","ast-site-content-layout":"","site-content-style":"default","site-sidebar-style":"default","ast-global-header-display":"","ast-banner-title-visibility":"","ast-main-header-display":"","ast-hfb-above-header-display":"","ast-hfb-below-header-display":"","ast-hfb-mobile-header-display":"","site-post-title":"disabled","ast-breadcrumbs-content":"","ast-featured-img":"","footer-sml-layout":"","ast-disable-related-posts":"","theme-transparent-header-meta":"","adv-header-id-meta":"","stick-header-meta":"","header-above-stick-meta":"","header-main-stick-meta":"","header-below-stick-meta":"","astra-migrate-meta-layouts":"default","ast-page-background-enabled":"default","ast-page-background-meta":{"desktop":{"background-color":"var(--ast-global-color-5)","background-image":"","background-repeat":"repeat","background-position":"center center","background-size":"auto","background-attachment":"scroll","background-type":"","background-media":"","overlay-type":"","overlay-color":"","overlay-opacity":"","overlay-gradient":""},"tablet":{"background-color":"","background-image":"","background-repeat":"repeat","background-position":"center center","background-size":"auto","background-attachment":"scroll","background-type":"","background-media":"","overlay-type":"","overlay-color":"","overlay-opacity":"","overlay-gradient":""},"mobile":{"background-color":"","background-image":"","background-repeat":"repeat","background-position":"center center","background-size":"auto","background-attachment":"scroll","background-type":"","background-media":"","overlay-type":"","overlay-color":"","overlay-opacity":"","overlay-gradient":""}},"ast-content-background-meta":{"desktop":{"background-color":"var(--ast-global-color-4)","background-image":"","background-repeat":"repeat","background-position":"center center","background-size":"auto","background-attachment":"scroll","background-type":"","background-media":"","overlay-type":"","overlay-color":"","overlay-opacity":"","overlay-gradient":""},"tablet":{"background-color":"var(--ast-global-color-4)","background-image":"","background-repeat":"repeat","background-position":"center center","background-size":"auto","background-attachment":"scroll","background-type":"","background-media":"","overlay-type":"","overlay-color":"","overlay-opacity":"","overlay-gradient":""},"mobile":{"background-color":"var(--ast-global-color-4)","background-image":"","background-repeat":"repeat","background-position":"center center","background-size":"auto","background-attachment":"scroll","background-type":"","background-media":"","overlay-type":"","overlay-color":"","overlay-opacity":"","overlay-gradient":""}},"footnotes":""},"class_list":["post-15","page","type-page","status-publish","hentry"],"_links":{"self":[{"href":"https:\/\/faszination-bogenschiessen.com\/index.php?rest_route=\/wp\/v2\/pages\/15","targetHints":{"allow":["GET"]}}],"collection":[{"href":"https:\/\/faszination-bogenschiessen.com\/index.php?rest_route=\/wp\/v2\/pages"}],"about":[{"href":"https:\/\/faszination-bogenschiessen.com\/index.php?rest_route=\/wp\/v2\/types\/page"}],"author":[{"embeddable":true,"href":"https:\/\/faszination-bogenschiessen.com\/index.php?rest_route=\/wp\/v2\/users\/1"}],"replies":[{"embeddable":true,"href":"https:\/\/faszination-bogenschiessen.com\/index.php?rest_route=%2Fwp%2Fv2%2Fcomments&post=15"}],"version-history":[{"count":10,"href":"https:\/\/faszination-bogenschiessen.com\/index.php?rest_route=\/wp\/v2\/pages\/15\/revisions"}],"predecessor-version":[{"id":190,"href":"https:\/\/faszination-bogenschiessen.com\/index.php?rest_route=\/wp\/v2\/pages\/15\/revisions\/190"}],"wp:attachment":[{"href":"https:\/\/faszination-bogenschiessen.com\/index.php?rest_route=%2Fwp%2Fv2%2Fmedia&parent=15"}],"curies":[{"name":"wp","href":"https:\/\/api.w.org\/{rel}","templated":true}]}}