{"id":33,"date":"2016-12-12T18:44:57","date_gmt":"2016-12-12T18:44:57","guid":{"rendered":"http:\/\/faszination-bogenschiessen.com\/?page_id=33"},"modified":"2025-05-21T09:12:47","modified_gmt":"2025-05-21T09:12:47","slug":"impressum","status":"publish","type":"page","link":"https:\/\/faszination-bogenschiessen.com\/?page_id=33","title":{"rendered":"Impressum"},"content":{"rendered":"\n<p><strong>Angaben gem\u00e4\u00df \u00a7 5 TMG<\/strong><\/p>\n\n\n\n<p><strong>Lothar Lind\u00f6rfer<\/strong><br>Am Sandfeld 10<br>91602 D\u00fcrrwangen \u2013 Halsbach<br>Deutschland<\/p>\n\n\n\n<p><strong>Kontakt:<\/strong><br>Telefon: 0170 \/ 5715395<br>E-Mail: <a href=\"mailto:faszination-bogenschiessen@web.de\">faszination-bogenschiessen@web.de<\/a><\/p>\n\n\n\n<p><strong>Steuernummer:<\/strong> 203\/245\/62258<br><strong>Umsatzsteuer:<\/strong> Gem\u00e4\u00df \u00a7 19 UStG wird keine Umsatzsteuer berechnet.<\/p>\n\n\n\n<hr class=\"wp-block-separator has-alpha-channel-opacity\"\/>\n\n\n\n<h2 class=\"wp-block-heading\">Haftungsausschluss<\/h2>\n\n\n\n<p><strong>Haftung f\u00fcr Inhalte<\/strong><br>Die Inhalte dieser Website wurden mit gr\u00f6\u00dftm\u00f6glicher Sorgfalt erstellt. F\u00fcr die Richtigkeit, Vollst\u00e4ndigkeit und Aktualit\u00e4t der Inhalte \u00fcbernehme ich jedoch keine Gew\u00e4hr. Als Diensteanbieter bin ich gem\u00e4\u00df \u00a7 7 Abs. 1 TMG f\u00fcr eigene Inhalte auf diesen Seiten nach den allgemeinen Gesetzen verantwortlich.<\/p>\n\n\n\n<p>Nach \u00a7\u00a7 8 bis 10 TMG bin ich jedoch nicht verpflichtet, \u00fcbermittelte oder gespeicherte fremde Informationen zu \u00fcberwachen oder nach Umst\u00e4nden zu forschen, die auf eine rechtswidrige T\u00e4tigkeit hinweisen. Verpflichtungen zur Entfernung oder Sperrung der Nutzung von Informationen nach den allgemeinen Gesetzen bleiben hiervon unber\u00fchrt.<\/p>\n\n\n\n<p><strong>Haftung f\u00fcr Links<\/strong><br>Diese Website kann Links zu externen Websites Dritter enthalten, auf deren Inhalte ich keinen Einfluss habe. Deshalb kann ich f\u00fcr diese fremden Inhalte auch keine Gew\u00e4hr \u00fcbernehmen. F\u00fcr die Inhalte der verlinkten Seiten ist stets der jeweilige Anbieter oder Betreiber der Seiten verantwortlich.<\/p>\n\n\n\n<p>Eine permanente inhaltliche Kontrolle der verlinkten Seiten ist ohne konkrete Anhaltspunkte einer Rechtsverletzung nicht zumutbar. Bei Bekanntwerden von Rechtsverletzungen werde ich derartige Links umgehend entfernen.<\/p>\n\n\n\n<hr class=\"wp-block-separator has-alpha-channel-opacity\"\/>\n\n\n\n<h2 class=\"wp-block-heading\">Urheberrecht<\/h2>\n\n\n\n<p>Die durch den Seitenbetreiber erstellten Inhalte und Werke auf diesen Seiten unterliegen dem deutschen Urheberrecht. Die Vervielf\u00e4ltigung, Bearbeitung, Verbreitung und jede Art der Verwertung au\u00dferhalb der Grenzen des Urheberrechts bed\u00fcrfen der <strong>vorherigen, ausdr\u00fccklichen schriftlichen Zustimmung<\/strong> des jeweiligen Autors bzw. Erstellers.<\/p>\n\n\n\n<p>Downloads und Kopien dieser Seite sind nur f\u00fcr den privaten, nicht kommerziellen Gebrauch gestattet.<\/p>\n\n\n\n<hr class=\"wp-block-separator has-alpha-channel-opacity\"\/>\n\n\n\n<h2 class=\"wp-block-heading\">\u00c4nderungen<\/h2>\n\n\n\n<p>Ich behalte mir das Recht vor, Inhalte jederzeit zu erg\u00e4nzen, zu \u00e4ndern oder zu l\u00f6schen.<\/p>\n\n\n\n<hr class=\"wp-block-separator has-alpha-channel-opacity\"\/>\n\n\n\n<h2 class=\"wp-block-heading\">Datenschutz<\/h2>\n\n\n\n<p>Die Nutzung meiner Webseite ist in der Regel ohne Angabe personenbezogener Daten m\u00f6glich. Soweit auf meinen Seiten personenbezogene Daten (z.\u202fB. Name, Anschrift oder E-Mail-Adressen) erhoben werden, erfolgt dies stets auf freiwilliger Basis. Diese Daten werden ohne Ihre ausdr\u00fcckliche Zustimmung nicht an Dritte weitergegeben.<\/p>\n\n\n\n<p>Weitere Informationen zum Datenschutz finden Sie in der <a href=\"https:\/\/faszination-bogenschiessen.com\/?page_id=176\" data-type=\"page\" data-id=\"176\">Datenschutzerkl\u00e4rung<\/a>.<\/p>\n\n\n\n<hr class=\"wp-block-separator has-alpha-channel-opacity\"\/>\n\n\n\n<h2 class=\"wp-block-heading\">Hinweis gem\u00e4\u00df \u00a7 36 Verbraucherstreitbeilegungsgesetz (VSBG)<\/h2>\n\n\n\n<p>Ich bin nicht verpflichtet und nicht bereit, an einem Streitbeilegungsverfahren vor einer Verbraucherschlichtungsstelle teilzunehmen.<\/p>\n\n\n\n<hr class=\"wp-block-separator has-alpha-channel-opacity\"\/>\n\n\n\n<h2 class=\"wp-block-heading\">Brauchst du eine separate Datenschutzerkl\u00e4rung?<\/h2>\n\n\n\n<p><strong>Ja<\/strong>, du solltest unbedingt eine eigene, vollst\u00e4ndige Datenschutzerkl\u00e4rung ver\u00f6ffentlichen, wenn:<\/p>\n\n\n\n<ul class=\"wp-block-list\">\n<li>du ein Kontaktformular oder E-Mail-Adresse zur Kontaktaufnahme anbietest,<\/li>\n\n\n\n<li>du externe Inhalte (z.\u202fB. YouTube, Google Fonts, Tracking-Tools) einbindest,<\/li>\n\n\n\n<li>du Analyse- oder Statistikdienste nutzt,<\/li>\n\n\n\n<li>du Social Media Plug-ins einsetzt.<\/li>\n<\/ul>\n\n\n\n<p>Diese Erkl\u00e4rung muss transparent darstellen, <strong>welche Daten du zu welchem Zweck erhebst und wie du sie verarbeitest<\/strong> \u2013 inkl. Speicherfristen, Rechtsgrundlagen und Rechte der Nutzer.<\/p>\n\n\n\n<p>Ich kann dir auf Wunsch eine passgenaue Datenschutzerkl\u00e4rung auf Basis deiner Website-Funktionen erstellen. Sag einfach Bescheid, was technisch verwendet wird.<\/p>\n","protected":false},"excerpt":{"rendered":"<p>Angaben gem\u00e4\u00df \u00a7 5 TMG Lothar Lind\u00f6rferAm Sandfeld 1091602 D\u00fcrrwangen \u2013 HalsbachDeutschland Kontakt:Telefon: 0170 \/ 5715395E-Mail: faszination-bogenschiessen@web.de Steuernummer: 203\/245\/62258Umsatzsteuer: Gem\u00e4\u00df [&hellip;]<\/p>\n","protected":false},"author":1,"featured_media":0,"parent":15,"menu_order":0,"comment_status":"closed","ping_status":"closed","template":"","meta":{"site-sidebar-layout":"default","site-content-layout":"","ast-site-content-layout":"default","site-content-style":"default","site-sidebar-style":"default","ast-global-header-display":"","ast-banner-title-visibility":"","ast-main-header-display":"","ast-hfb-above-header-display":"","ast-hfb-below-header-display":"","ast-hfb-mobile-header-display":"","site-post-title":"","ast-breadcrumbs-content":"","ast-featured-img":"","footer-sml-layout":"","ast-disable-related-posts":"","theme-transparent-header-meta":"","adv-header-id-meta":"","stick-header-meta":"","header-above-stick-meta":"","header-main-stick-meta":"","header-below-stick-meta":"","astra-migrate-meta-layouts":"default","ast-page-background-enabled":"default","ast-page-background-meta":{"desktop":{"background-color":"var(--ast-global-color-5)","background-image":"","background-repeat":"repeat","background-position":"center center","background-size":"auto","background-attachment":"scroll","background-type":"","background-media":"","overlay-type":"","overlay-color":"","overlay-opacity":"","overlay-gradient":""},"tablet":{"background-color":"","background-image":"","background-repeat":"repeat","background-position":"center center","background-size":"auto","background-attachment":"scroll","background-type":"","background-media":"","overlay-type":"","overlay-color":"","overlay-opacity":"","overlay-gradient":""},"mobile":{"background-color":"","background-image":"","background-repeat":"repeat","background-position":"center center","background-size":"auto","background-attachment":"scroll","background-type":"","background-media":"","overlay-type":"","overlay-color":"","overlay-opacity":"","overlay-gradient":""}},"ast-content-background-meta":{"desktop":{"background-color":"var(--ast-global-color-4)","background-image":"","background-repeat":"repeat","background-position":"center center","background-size":"auto","background-attachment":"scroll","background-type":"","background-media":"","overlay-type":"","overlay-color":"","overlay-opacity":"","overlay-gradient":""},"tablet":{"background-color":"var(--ast-global-color-4)","background-image":"","background-repeat":"repeat","background-position":"center center","background-size":"auto","background-attachment":"scroll","background-type":"","background-media":"","overlay-type":"","overlay-color":"","overlay-opacity":"","overlay-gradient":""},"mobile":{"background-color":"var(--ast-global-color-4)","background-image":"","background-repeat":"repeat","background-position":"center center","background-size":"auto","background-attachment":"scroll","background-type":"","background-media":"","overlay-type":"","overlay-color":"","overlay-opacity":"","overlay-gradient":""}},"footnotes":""},"class_list":["post-33","page","type-page","status-publish","hentry"],"_links":{"self":[{"href":"https:\/\/faszination-bogenschiessen.com\/index.php?rest_route=\/wp\/v2\/pages\/33","targetHints":{"allow":["GET"]}}],"collection":[{"href":"https:\/\/faszination-bogenschiessen.com\/index.php?rest_route=\/wp\/v2\/pages"}],"about":[{"href":"https:\/\/faszination-bogenschiessen.com\/index.php?rest_route=\/wp\/v2\/types\/page"}],"author":[{"embeddable":true,"href":"https:\/\/faszination-bogenschiessen.com\/index.php?rest_route=\/wp\/v2\/users\/1"}],"replies":[{"embeddable":true,"href":"https:\/\/faszination-bogenschiessen.com\/index.php?rest_route=%2Fwp%2Fv2%2Fcomments&post=33"}],"version-history":[{"count":22,"href":"https:\/\/faszination-bogenschiessen.com\/index.php?rest_route=\/wp\/v2\/pages\/33\/revisions"}],"predecessor-version":[{"id":199,"href":"https:\/\/faszination-bogenschiessen.com\/index.php?rest_route=\/wp\/v2\/pages\/33\/revisions\/199"}],"up":[{"embeddable":true,"href":"https:\/\/faszination-bogenschiessen.com\/index.php?rest_route=\/wp\/v2\/pages\/15"}],"wp:attachment":[{"href":"https:\/\/faszination-bogenschiessen.com\/index.php?rest_route=%2Fwp%2Fv2%2Fmedia&parent=33"}],"curies":[{"name":"wp","href":"https:\/\/api.w.org\/{rel}","templated":true}]}}