{"id":39,"date":"2016-12-22T15:25:39","date_gmt":"2016-12-22T15:25:39","guid":{"rendered":"http:\/\/faszination-bogenschiessen.com\/?page_id=39"},"modified":"2024-08-20T14:14:29","modified_gmt":"2024-08-20T14:14:29","slug":"vereinstraining-einzeltraining","status":"publish","type":"page","link":"https:\/\/faszination-bogenschiessen.com\/?page_id=39","title":{"rendered":"Vereinstraining \/ Einzeltraining"},"content":{"rendered":"<p>Dauer ca. 1,5 Stunden<\/p>\n<p>Erlernen der offiziellen Schie\u00dftechnik sorgt f\u00fcr konstante, langlebige, starke Leistung.<\/p>\n<p>Den eigenen Schie\u00dfstil Biomechanisch korrekt anpassen und Bewegungsschleifen bearbeiten.<\/p>\n<p>Bessere Koordination der statischen und dynamischen Kr\u00e4fte.<\/p>\n<p>Begleitendes Training oder Gruppentraining mit didaktischem Raster m\u00f6glich (nach Absprache).<\/p>\n<p>Unterrichtung nach dem technischen Leitbild und dem daraus resultierenden Positionsphasenmodell des BSSB.<\/p>\n<p>Einsatz von Videoanalyse (Handy o. Tablet, mit anschlie\u00dfender L\u00f6schung der Daten).<\/p>\n<p>Anschlie\u00dfende Trainingsempfehlung kann gegeben werden; Zusammenarbeit mit Vereinstrainer m\u00f6glich.<\/p>\n<p>30 Euro pro Trainingseinheit zzgl. Anfahrt<\/p>\n","protected":false},"excerpt":{"rendered":"<p>Dauer ca. 1,5 Stunden Erlernen der offiziellen Schie\u00dftechnik sorgt f\u00fcr konstante, langlebige, starke Leistung. Den eigenen Schie\u00dfstil Biomechanisch korrekt anpassen [&hellip;]<\/p>\n","protected":false},"author":1,"featured_media":0,"parent":15,"menu_order":0,"comment_status":"closed","ping_status":"closed","template":"","meta":{"site-sidebar-layout":"default","site-content-layout":"","ast-site-content-layout":"default","site-content-style":"default","site-sidebar-style":"default","ast-global-header-display":"","ast-banner-title-visibility":"","ast-main-header-display":"","ast-hfb-above-header-display":"","ast-hfb-below-header-display":"","ast-hfb-mobile-header-display":"","site-post-title":"","ast-breadcrumbs-content":"","ast-featured-img":"","footer-sml-layout":"","ast-disable-related-posts":"","theme-transparent-header-meta":"","adv-header-id-meta":"","stick-header-meta":"","header-above-stick-meta":"","header-main-stick-meta":"","header-below-stick-meta":"","astra-migrate-meta-layouts":"default","ast-page-background-enabled":"default","ast-page-background-meta":{"desktop":{"background-color":"var(--ast-global-color-5)","background-image":"","background-repeat":"repeat","background-position":"center center","background-size":"auto","background-attachment":"scroll","background-type":"","background-media":"","overlay-type":"","overlay-color":"","overlay-opacity":"","overlay-gradient":""},"tablet":{"background-color":"","background-image":"","background-repeat":"repeat","background-position":"center center","background-size":"auto","background-attachment":"scroll","background-type":"","background-media":"","overlay-type":"","overlay-color":"","overlay-opacity":"","overlay-gradient":""},"mobile":{"background-color":"","background-image":"","background-repeat":"repeat","background-position":"center center","background-size":"auto","background-attachment":"scroll","background-type":"","background-media":"","overlay-type":"","overlay-color":"","overlay-opacity":"","overlay-gradient":""}},"ast-content-background-meta":{"desktop":{"background-color":"var(--ast-global-color-4)","background-image":"","background-repeat":"repeat","background-position":"center center","background-size":"auto","background-attachment":"scroll","background-type":"","background-media":"","overlay-type":"","overlay-color":"","overlay-opacity":"","overlay-gradient":""},"tablet":{"background-color":"var(--ast-global-color-4)","background-image":"","background-repeat":"repeat","background-position":"center center","background-size":"auto","background-attachment":"scroll","background-type":"","background-media":"","overlay-type":"","overlay-color":"","overlay-opacity":"","overlay-gradient":""},"mobile":{"background-color":"var(--ast-global-color-4)","background-image":"","background-repeat":"repeat","background-position":"center center","background-size":"auto","background-attachment":"scroll","background-type":"","background-media":"","overlay-type":"","overlay-color":"","overlay-opacity":"","overlay-gradient":""}},"footnotes":""},"class_list":["post-39","page","type-page","status-publish","hentry"],"_links":{"self":[{"href":"https:\/\/faszination-bogenschiessen.com\/index.php?rest_route=\/wp\/v2\/pages\/39","targetHints":{"allow":["GET"]}}],"collection":[{"href":"https:\/\/faszination-bogenschiessen.com\/index.php?rest_route=\/wp\/v2\/pages"}],"about":[{"href":"https:\/\/faszination-bogenschiessen.com\/index.php?rest_route=\/wp\/v2\/types\/page"}],"author":[{"embeddable":true,"href":"https:\/\/faszination-bogenschiessen.com\/index.php?rest_route=\/wp\/v2\/users\/1"}],"replies":[{"embeddable":true,"href":"https:\/\/faszination-bogenschiessen.com\/index.php?rest_route=%2Fwp%2Fv2%2Fcomments&post=39"}],"version-history":[{"count":7,"href":"https:\/\/faszination-bogenschiessen.com\/index.php?rest_route=\/wp\/v2\/pages\/39\/revisions"}],"predecessor-version":[{"id":161,"href":"https:\/\/faszination-bogenschiessen.com\/index.php?rest_route=\/wp\/v2\/pages\/39\/revisions\/161"}],"up":[{"embeddable":true,"href":"https:\/\/faszination-bogenschiessen.com\/index.php?rest_route=\/wp\/v2\/pages\/15"}],"wp:attachment":[{"href":"https:\/\/faszination-bogenschiessen.com\/index.php?rest_route=%2Fwp%2Fv2%2Fmedia&parent=39"}],"curies":[{"name":"wp","href":"https:\/\/api.w.org\/{rel}","templated":true}]}}