{"id":45,"date":"2016-12-12T19:00:52","date_gmt":"2016-12-12T19:00:52","guid":{"rendered":"http:\/\/faszination-bogenschiessen.com\/?page_id=45"},"modified":"2024-09-02T17:34:36","modified_gmt":"2024-09-02T17:34:36","slug":"voraussetzungen","status":"publish","type":"page","link":"https:\/\/faszination-bogenschiessen.com\/?page_id=45","title":{"rendered":"Organisation"},"content":{"rendered":"\n<p><strong>Veranstaltungsort<\/strong><\/p>\n\n\n\n<p>Eventuell ist die Durchf\u00fchrung des Bogenschie\u00dfens bei Ihnen vor Ort m\u00f6glich.<\/p>\n\n\n\n<p>Eine Veranstaltungszusage erfolgt erst nach vorheriger Pr\u00fcfung der \u00d6rtlichkeit. Der Platz muss je nach Anzahl der Teilnehmer, ca. 2,5 Std. vor und nach Veranstaltungsbeginn frei anfahrbar sein (PKW mit Anh\u00e4nger).<\/p>\n\n\n\n<p><strong>Kleidung der Teilnehmer<\/strong><\/p>\n\n\n\n<p>Eng anliegende Oberbekleidung, festes Schuhwerk, ggfs Regenschutz, Schirmm\u00fctzen und H\u00fcte sind eingeschr\u00e4nkt m\u00f6glich.<\/p>\n","protected":false},"excerpt":{"rendered":"<p>Veranstaltungsort Eventuell ist die Durchf\u00fchrung des Bogenschie\u00dfens bei Ihnen vor Ort m\u00f6glich. Eine Veranstaltungszusage erfolgt erst nach vorheriger Pr\u00fcfung der [&hellip;]<\/p>\n","protected":false},"author":1,"featured_media":0,"parent":15,"menu_order":0,"comment_status":"closed","ping_status":"closed","template":"","meta":{"site-sidebar-layout":"default","site-content-layout":"","ast-site-content-layout":"default","site-content-style":"default","site-sidebar-style":"default","ast-global-header-display":"","ast-banner-title-visibility":"","ast-main-header-display":"","ast-hfb-above-header-display":"","ast-hfb-below-header-display":"","ast-hfb-mobile-header-display":"","site-post-title":"","ast-breadcrumbs-content":"","ast-featured-img":"","footer-sml-layout":"","ast-disable-related-posts":"","theme-transparent-header-meta":"","adv-header-id-meta":"","stick-header-meta":"","header-above-stick-meta":"","header-main-stick-meta":"","header-below-stick-meta":"","astra-migrate-meta-layouts":"default","ast-page-background-enabled":"default","ast-page-background-meta":{"desktop":{"background-color":"var(--ast-global-color-5)","background-image":"","background-repeat":"repeat","background-position":"center center","background-size":"auto","background-attachment":"scroll","background-type":"","background-media":"","overlay-type":"","overlay-color":"","overlay-opacity":"","overlay-gradient":""},"tablet":{"background-color":"","background-image":"","background-repeat":"repeat","background-position":"center center","background-size":"auto","background-attachment":"scroll","background-type":"","background-media":"","overlay-type":"","overlay-color":"","overlay-opacity":"","overlay-gradient":""},"mobile":{"background-color":"","background-image":"","background-repeat":"repeat","background-position":"center center","background-size":"auto","background-attachment":"scroll","background-type":"","background-media":"","overlay-type":"","overlay-color":"","overlay-opacity":"","overlay-gradient":""}},"ast-content-background-meta":{"desktop":{"background-color":"var(--ast-global-color-4)","background-image":"","background-repeat":"repeat","background-position":"center center","background-size":"auto","background-attachment":"scroll","background-type":"","background-media":"","overlay-type":"","overlay-color":"","overlay-opacity":"","overlay-gradient":""},"tablet":{"background-color":"var(--ast-global-color-4)","background-image":"","background-repeat":"repeat","background-position":"center center","background-size":"auto","background-attachment":"scroll","background-type":"","background-media":"","overlay-type":"","overlay-color":"","overlay-opacity":"","overlay-gradient":""},"mobile":{"background-color":"var(--ast-global-color-4)","background-image":"","background-repeat":"repeat","background-position":"center center","background-size":"auto","background-attachment":"scroll","background-type":"","background-media":"","overlay-type":"","overlay-color":"","overlay-opacity":"","overlay-gradient":""}},"footnotes":""},"class_list":["post-45","page","type-page","status-publish","hentry"],"_links":{"self":[{"href":"https:\/\/faszination-bogenschiessen.com\/index.php?rest_route=\/wp\/v2\/pages\/45","targetHints":{"allow":["GET"]}}],"collection":[{"href":"https:\/\/faszination-bogenschiessen.com\/index.php?rest_route=\/wp\/v2\/pages"}],"about":[{"href":"https:\/\/faszination-bogenschiessen.com\/index.php?rest_route=\/wp\/v2\/types\/page"}],"author":[{"embeddable":true,"href":"https:\/\/faszination-bogenschiessen.com\/index.php?rest_route=\/wp\/v2\/users\/1"}],"replies":[{"embeddable":true,"href":"https:\/\/faszination-bogenschiessen.com\/index.php?rest_route=%2Fwp%2Fv2%2Fcomments&post=45"}],"version-history":[{"count":12,"href":"https:\/\/faszination-bogenschiessen.com\/index.php?rest_route=\/wp\/v2\/pages\/45\/revisions"}],"predecessor-version":[{"id":172,"href":"https:\/\/faszination-bogenschiessen.com\/index.php?rest_route=\/wp\/v2\/pages\/45\/revisions\/172"}],"up":[{"embeddable":true,"href":"https:\/\/faszination-bogenschiessen.com\/index.php?rest_route=\/wp\/v2\/pages\/15"}],"wp:attachment":[{"href":"https:\/\/faszination-bogenschiessen.com\/index.php?rest_route=%2Fwp%2Fv2%2Fmedia&parent=45"}],"curies":[{"name":"wp","href":"https:\/\/api.w.org\/{rel}","templated":true}]}}